{"id":13,"date":"2026-03-28T12:16:06","date_gmt":"2026-03-28T12:16:06","guid":{"rendered":"https:\/\/aluminyumburak.com.tr\/?page_id=13"},"modified":"2026-03-31T08:13:02","modified_gmt":"2026-03-31T08:13:02","slug":"faaliyetlerimiz","status":"publish","type":"page","link":"http:\/\/aluminyumburak.com.tr\/?page_id=13","title":{"rendered":"Faaliyetlerimiz"},"content":{"rendered":"\n<div class=\"wp-block-group r-pad wow animate__animated animate__fadeInUp how-it-works-section has-global-padding is-layout-constrained wp-container-core-group-is-layout-7c9fa066 wp-block-group-is-layout-constrained\" style=\"margin-top:0;margin-bottom:0;padding-top:80px;padding-right:20px;padding-bottom:80px;padding-left:20px\">\n<div class=\"wp-block-group title-spacing has-global-padding is-content-justification-center is-layout-constrained wp-container-core-group-is-layout-e8abb09e wp-block-group-is-layout-constrained\" style=\"margin-bottom:60px\">\n<div class=\"wp-block-group is-content-justification-center is-nowrap is-layout-flex wp-container-core-group-is-layout-23441af8 wp-block-group-is-layout-flex\">\n<p class=\"has-text-align-left header-sub\" style=\"margin-top:0;margin-right:0;margin-bottom:12px;margin-left:0;font-size:clamp(14px, 0.875rem + ((1vw - 3.2px) * 0.217), 16px);font-style:normal;font-weight:400;letter-spacing:2px\"><strong>\u00dcr\u00fcn Gruplar\u0131m\u0131z<\/strong><\/p>\n<\/div>\n\n\n\n<h2 class=\"wp-block-heading has-text-align-center has-large-font-size\" style=\"margin-top:0;margin-bottom:0;line-height:1.2;text-transform:capitalize\"><strong>Al\u00fcminyumda G\u00fc\u00e7l\u00fc \u00dcretim, Geni\u015f \u00dcr\u00fcn Yelpazesi<\/strong><\/h2>\n<\/div>\n\n\n\n<div class=\"wp-block-group is-layout-grid wp-container-core-group-is-layout-df4581a5 wp-block-group-is-layout-grid\">\n<div class=\"wp-block-group has-global-padding is-layout-constrained wp-block-group-is-layout-constrained\">\n<div class=\"wp-block-group has-base-background-color has-background wp-container-content-69bc4bdf has-global-padding is-layout-constrained wp-container-core-group-is-layout-bf816c8d wp-block-group-is-layout-constrained\" style=\"border-radius:10px;padding-top:20px;padding-right:20px;padding-bottom:20px;padding-left:20px\">\n<div class=\"wp-block-group title-spacing is-content-justification-space-between is-nowrap is-layout-flex wp-container-core-group-is-layout-1f9a5c0c wp-block-group-is-layout-flex\" style=\"margin-bottom:80px\">\n<h3 class=\"wp-block-heading title-spacing\"><strong>Ayd\u0131nlatma G\u00f6vdeleri<\/strong><\/h3>\n\n\n\n<figure class=\"wp-block-image size-full is-resized wp-duotone-rgb255255255-ffffff-1\"><img decoding=\"async\" src=\"https:\/\/aluminyumburak.com.tr\/wp-content\/themes\/pixel-grove-dark\/assets\/images\/icon-1.png\" alt=\"\" class=\"wp-image-894\" style=\"width:45px\"\/><\/figure>\n<\/div>\n\n\n\n<p>Modern ve dayan\u0131kl\u0131 al\u00fcminyum d\u00f6k\u00fcm ayd\u0131nlatma \u00e7\u00f6z\u00fcmleri ile estetik ve uzun \u00f6m\u00fcrl\u00fc \u00fcr\u00fcnler \u00fcretiyoruz.<\/p>\n<\/div>\n<\/div>\n\n\n\n<div class=\"wp-block-group has-base-background-color has-background wp-container-content-7d4755b8 has-global-padding is-layout-constrained wp-container-core-group-is-layout-bf816c8d wp-block-group-is-layout-constrained\" style=\"border-radius:10px;padding-top:20px;padding-right:20px;padding-bottom:20px;padding-left:20px\">\n<div class=\"wp-block-group title-spacing is-content-justification-space-between is-nowrap is-layout-flex wp-container-core-group-is-layout-1f9a5c0c wp-block-group-is-layout-flex\" style=\"margin-bottom:80px\">\n<h3 class=\"wp-block-heading title-spacing\"><strong>Oturma Grubu <\/strong><\/h3>\n\n\n\n<figure class=\"wp-block-image size-full is-resized wp-duotone-rgb255255255-ffffff-2\"><img decoding=\"async\" src=\"https:\/\/aluminyumburak.com.tr\/wp-content\/themes\/pixel-grove-dark\/assets\/images\/icon-2.png\" alt=\"\" class=\"wp-image-895\" style=\"width:45px\"\/><\/figure>\n<\/div>\n\n\n\n<p>\u00d6zel sa\u011flam ve \u015f\u0131k al\u00fcminyum d\u00f6k\u00fcm sandalyeler ,banklar,masalar ile alanlar\u0131n\u0131za de\u011fer kat\u0131yoruz.<\/p>\n<\/div>\n\n\n\n<div class=\"wp-block-group has-base-background-color has-background wp-container-content-7d4755b8 has-global-padding is-layout-constrained wp-container-core-group-is-layout-bf816c8d wp-block-group-is-layout-constrained\" style=\"border-radius:10px;padding-top:20px;padding-right:20px;padding-bottom:20px;padding-left:20px\">\n<div class=\"wp-block-group title-spacing is-content-justification-space-between is-nowrap is-layout-flex wp-container-core-group-is-layout-1f9a5c0c wp-block-group-is-layout-flex\" style=\"margin-bottom:80px\">\n<h3 class=\"wp-block-heading title-spacing\"><strong>End\u00fcstriyel Par\u00e7alar<\/strong><\/h3>\n\n\n\n<figure class=\"wp-block-image size-full is-resized wp-duotone-rgb255255255-ffffff-3\"><img decoding=\"async\" src=\"https:\/\/aluminyumburak.com.tr\/wp-content\/themes\/pixel-grove-dark\/assets\/images\/icon-3.png\" alt=\"\" class=\"wp-image-896\" style=\"width:45px\"\/><\/figure>\n<\/div>\n\n\n\n<p>Makine ve sanayi ihtiya\u00e7lar\u0131na uygun, y\u00fcksek dayan\u0131ml\u0131 ve hassas \u00fcretim al\u00fcminyum d\u00f6k\u00fcmler sunuyoruz.<\/p>\n<\/div>\n\n\n\n<div class=\"wp-block-group has-base-background-color has-background wp-container-content-7d4755b8 has-global-padding is-layout-constrained wp-container-core-group-is-layout-bf816c8d wp-block-group-is-layout-constrained\" style=\"border-radius:10px;padding-top:20px;padding-right:20px;padding-bottom:20px;padding-left:20px\">\n<div class=\"wp-block-group title-spacing is-content-justification-space-between is-nowrap is-layout-flex wp-container-core-group-is-layout-1f9a5c0c wp-block-group-is-layout-flex\" style=\"margin-bottom:80px\">\n<h3 class=\"wp-block-heading title-spacing\"><strong>\u00d6zel Tasar\u0131m \u00dcretimler<\/strong><\/h3>\n\n\n\n<figure class=\"wp-block-image size-full is-resized wp-duotone-rgb255255255-ffffff-4\"><img decoding=\"async\" src=\"https:\/\/aluminyumburak.com.tr\/wp-content\/themes\/pixel-grove-dark\/assets\/images\/icon-4.png\" alt=\"\" class=\"wp-image-897\" style=\"width:45px\"\/><\/figure>\n<\/div>\n\n\n\n<p>Projeye \u00f6zel geli\u015ftirilen kuma yap\u0131lan kal\u0131plar ile ihtiyac\u0131n\u0131za birebir uyumlu \u00e7\u00f6z\u00fcmler sa\u011fl\u0131yoruz.<\/p>\n<\/div>\n\n\n\n<div class=\"wp-block-group has-base-background-color has-background wp-container-content-7d4755b8 has-global-padding is-layout-constrained wp-container-core-group-is-layout-bf816c8d wp-block-group-is-layout-constrained\" style=\"border-radius:10px;padding-top:20px;padding-right:20px;padding-bottom:20px;padding-left:20px\">\n<div class=\"wp-block-group title-spacing is-content-justification-space-between is-nowrap is-layout-flex wp-container-core-group-is-layout-1f9a5c0c wp-block-group-is-layout-flex\" style=\"margin-bottom:80px\">\n<h3 class=\"wp-block-heading title-spacing\"><strong>\u00c7e\u015fme \u00c7e\u015fitleri<\/strong><\/h3>\n\n\n\n<figure class=\"wp-block-image size-full is-resized wp-duotone-rgb255255255-ffffff-5\"><img decoding=\"async\" src=\"https:\/\/aluminyumburak.com.tr\/wp-content\/themes\/pixel-grove-dark\/assets\/images\/icon-5.png\" alt=\"\" class=\"wp-image-898\" style=\"width:45px\"\/><\/figure>\n<\/div>\n\n\n\n<p>Bah\u00e7elere, parklara, piknik alanlar\u0131na ve meydanlara \u00f6zel tasar\u0131ml\u0131  dayan\u0131kl\u0131 ve uzun \u00f6m\u00fcrl\u00fc estetik d\u00f6k\u00fcm \u00e7e\u015fmeler \u00fcretiyoruz.<\/p>\n<\/div>\n\n\n\n<div class=\"wp-block-group has-base-background-color has-background wp-container-content-7d4755b8 has-global-padding is-layout-constrained wp-container-core-group-is-layout-bf816c8d wp-block-group-is-layout-constrained\" style=\"border-radius:10px;padding-top:20px;padding-right:20px;padding-bottom:20px;padding-left:20px\">\n<div class=\"wp-block-group title-spacing is-content-justification-space-between is-nowrap is-layout-flex wp-container-core-group-is-layout-1f9a5c0c wp-block-group-is-layout-flex\" style=\"margin-bottom:80px\">\n<h3 class=\"wp-block-heading title-spacing\"><strong>Kalite Kontrol &amp; Test S\u00fcre\u00e7leri<\/strong><\/h3>\n\n\n\n<figure class=\"wp-block-image size-full is-resized wp-duotone-rgb255255255-ffffff-6\"><img decoding=\"async\" src=\"https:\/\/aluminyumburak.com.tr\/wp-content\/themes\/pixel-grove-dark\/assets\/images\/icon-3.png\" alt=\"\" class=\"wp-image-899\" style=\"width:45px\"\/><\/figure>\n<\/div>\n\n\n\n<p>\u00dcr\u00fcnlerimiz \u00fcretimin her a\u015famas\u0131nda kontrol edilerek y\u00fcksek kalite standartlar\u0131na uygun \u015fekilde teslim edilir.<\/p>\n<\/div>\n<\/div>\n<\/div>\n","protected":false},"excerpt":{"rendered":"<p>\u00dcr\u00fcn Gruplar\u0131m\u0131z Al\u00fcminyumda G\u00fc\u00e7l\u00fc \u00dcretim, Geni\u015f \u00dcr\u00fcn Yelpazesi Ayd\u0131nlatma G\u00f6vdeleri Modern ve dayan\u0131kl\u0131 al\u00fcminyum d\u00f6k\u00fcm ayd\u0131nlatma \u00e7\u00f6z\u00fcmleri ile estetik ve uzun \u00f6m\u00fcrl\u00fc \u00fcr\u00fcnler \u00fcretiyoruz. Oturma Grubu \u00d6zel sa\u011flam ve \u015f\u0131k al\u00fcminyum d\u00f6k\u00fcm sandalyeler ,banklar,masalar ile alanlar\u0131n\u0131za de\u011fer kat\u0131yoruz. End\u00fcstriyel Par\u00e7alar Makine ve sanayi ihtiya\u00e7lar\u0131na uygun, y\u00fcksek dayan\u0131ml\u0131 ve hassas \u00fcretim al\u00fcminyum d\u00f6k\u00fcmler sunuyoruz. \u00d6zel Tasar\u0131m [&hellip;]<\/p>\n","protected":false},"author":1,"featured_media":0,"parent":0,"menu_order":0,"comment_status":"closed","ping_status":"closed","template":"","meta":{"footnotes":""},"class_list":["post-13","page","type-page","status-publish","hentry"],"jetpack_sharing_enabled":true,"_links":{"self":[{"href":"http:\/\/aluminyumburak.com.tr\/index.php?rest_route=\/wp\/v2\/pages\/13","targetHints":{"allow":["GET"]}}],"collection":[{"href":"http:\/\/aluminyumburak.com.tr\/index.php?rest_route=\/wp\/v2\/pages"}],"about":[{"href":"http:\/\/aluminyumburak.com.tr\/index.php?rest_route=\/wp\/v2\/types\/page"}],"author":[{"embeddable":true,"href":"http:\/\/aluminyumburak.com.tr\/index.php?rest_route=\/wp\/v2\/users\/1"}],"replies":[{"embeddable":true,"href":"http:\/\/aluminyumburak.com.tr\/index.php?rest_route=%2Fwp%2Fv2%2Fcomments&post=13"}],"version-history":[{"count":4,"href":"http:\/\/aluminyumburak.com.tr\/index.php?rest_route=\/wp\/v2\/pages\/13\/revisions"}],"predecessor-version":[{"id":91,"href":"http:\/\/aluminyumburak.com.tr\/index.php?rest_route=\/wp\/v2\/pages\/13\/revisions\/91"}],"wp:attachment":[{"href":"http:\/\/aluminyumburak.com.tr\/index.php?rest_route=%2Fwp%2Fv2%2Fmedia&parent=13"}],"curies":[{"name":"wp","href":"https:\/\/api.w.org\/{rel}","templated":true}]}}