{"id":11,"date":"2026-03-28T12:15:34","date_gmt":"2026-03-28T12:15:34","guid":{"rendered":"https:\/\/aluminyumburak.com.tr\/?page_id=11"},"modified":"2026-03-31T11:48:09","modified_gmt":"2026-03-31T11:48:09","slug":"hakkimizda","status":"publish","type":"page","link":"http:\/\/aluminyumburak.com.tr\/?page_id=11","title":{"rendered":"Hakk\u0131m\u0131zda"},"content":{"rendered":"\n<div class=\"wp-block-group r-pad has-base-background-color has-background has-global-padding is-layout-constrained wp-container-core-group-is-layout-7c9fa066 wp-block-group-is-layout-constrained\" style=\"margin-top:0;margin-bottom:0;padding-top:80px;padding-right:20px;padding-bottom:80px;padding-left:20px\">\n<div class=\"wp-block-columns are-vertically-aligned-center is-layout-flex wp-container-core-columns-is-layout-28f84493 wp-block-columns-is-layout-flex\">\n<div class=\"wp-block-column is-vertically-aligned-center is-layout-flow wp-block-column-is-layout-flow\">\n<div class=\"wp-block-group title-spacing has-global-padding is-layout-constrained wp-block-group-is-layout-constrained\" style=\"margin-bottom:40px\">\n<p class=\"has-text-align-left header-sub\" style=\"margin-top:0;margin-right:0;margin-bottom:12px;margin-left:0;font-size:14px;font-style:normal;font-weight:400;letter-spacing:2px\">Hakk\u0131m\u0131zda<\/p>\n\n\n\n<h2 class=\"wp-block-heading has-text-align-left has-x-large-font-size\" style=\"margin-top:0;margin-bottom:0;line-height:1.2;text-transform:capitalize\">tasar\u0131mlar\u0131n\u0131za ve Projelerinize hayat veriyoruz<\/h2>\n<\/div>\n\n\n\n<p style=\"margin-bottom:40px\">40 Y\u0131l\u0131 a\u015fk\u0131n tecr\u00fcbemizle; yapt\u0131\u011f\u0131m\u0131z kum kal\u0131plar\u0131 800 santigrat derecede eritti\u011fimiz al\u00fcminyum d\u00f6k\u00fcm ile bulu\u015fturarak tasar\u0131mlar\u0131n\u0131za ve projelerinize hayat veriyoruz. \u00dcretimlerimizi Ba\u015fak\u015fehir&#8217;deki Pik D\u00f6k\u00fcmc\u00fcler Sitesinde yani d\u00f6k\u00fcm sekt\u00f6r\u00fcn\u00fcn kalbinde 200 metrekarelik alan kapasitemizde yap\u0131yoruz.<\/p>\n\n\n\n<div class=\"wp-block-group is-content-justification-left is-nowrap is-layout-flex wp-container-core-group-is-layout-81e98c96 wp-block-group-is-layout-flex\" style=\"margin-top:0;margin-bottom:0\">\n<div class=\"wp-block-group has-global-padding is-layout-constrained wp-container-core-group-is-layout-19e250f3 wp-block-group-is-layout-constrained\">\n<h2 class=\"wp-block-heading\" style=\"font-style:normal;font-weight:500\">40 Y\u0131l+ <\/h2>\n\n\n\n<p>TECR\u00dcBE<\/p>\n<\/div>\n\n\n\n<div class=\"wp-block-group has-global-padding is-layout-constrained wp-container-core-group-is-layout-19e250f3 wp-block-group-is-layout-constrained\">\n<h2 class=\"wp-block-heading\" style=\"font-style:normal;font-weight:500\">200+<\/h2>\n\n\n\n<p>MEMNUN\u0130YET<\/p>\n<\/div>\n<\/div>\n<\/div>\n\n\n\n<div class=\"wp-block-column is-vertically-aligned-center is-layout-flow wp-block-column-is-layout-flow\">\n<div class=\"wp-block-group has-global-padding is-layout-constrained wp-block-group-is-layout-constrained\" style=\"margin-top:0;margin-bottom:0\">\n<div class=\"wp-block-cover wow animate__animated animate__fadeInUp r-cover\" style=\"border-radius:10px;margin-top:0px;padding-top:0;min-height:520px;aspect-ratio:unset;\"><img loading=\"lazy\" decoding=\"async\" width=\"1536\" height=\"1024\" class=\"wp-block-cover__image-background wp-image-37 size-full\" alt=\"\" src=\"http:\/\/aluminyumburak.com.tr\/wp-content\/uploads\/2026\/03\/ChatGPT-Image-28-Mar-2026-15_55_39.png\" style=\"object-position:29% 43%\" data-object-fit=\"cover\" data-object-position=\"29% 43%\" srcset=\"http:\/\/aluminyumburak.com.tr\/wp-content\/uploads\/2026\/03\/ChatGPT-Image-28-Mar-2026-15_55_39.png 1536w, http:\/\/aluminyumburak.com.tr\/wp-content\/uploads\/2026\/03\/ChatGPT-Image-28-Mar-2026-15_55_39-300x200.png 300w, http:\/\/aluminyumburak.com.tr\/wp-content\/uploads\/2026\/03\/ChatGPT-Image-28-Mar-2026-15_55_39-1024x683.png 1024w, http:\/\/aluminyumburak.com.tr\/wp-content\/uploads\/2026\/03\/ChatGPT-Image-28-Mar-2026-15_55_39-768x512.png 768w\" sizes=\"auto, (max-width: 1536px) 100vw, 1536px\" \/><span aria-hidden=\"true\" class=\"wp-block-cover__background has-background-dim-0 has-background-dim\"><\/span><div class=\"wp-block-cover__inner-container has-global-padding is-layout-constrained wp-block-cover-is-layout-constrained\">\n<p class=\"has-text-align-center has-large-font-size\"><\/p>\n<\/div><\/div>\n<\/div>\n<\/div>\n<\/div>\n<\/div>\n\n\n\n<h2 class=\"wp-block-heading\">Kum Kal\u0131plama Nedir?<\/h2>\n\n\n\n<p>Kum Kal\u0131b\u0131 ile Al\u00fcminyum D\u00f6k\u00fcm, kumun zorunlu malzemeler listesinin ba\u015f\u0131nda yer ald\u0131\u011f\u0131 \u00e7er\u00e7evedir. Se\u00e7ilen malzeme, al\u00fcminyum gibi, f\u0131r\u0131nlarda, potalarda veya di\u011fer f\u0131r\u0131nlarda s\u0131v\u0131ya d\u00f6n\u00fc\u015ft\u00fcr\u00fcl\u00fcr. S\u0131v\u0131la\u015fmas\u0131 i\u00e7in en uygun s\u0131cakl\u0131\u011fa kadar \u0131s\u0131t\u0131l\u0131r.<\/p>\n\n\n\n<p>\u0130\u015flenmi\u015f s\u0131v\u0131 al\u00fcminyum daha sonra kum kal\u0131plama yoluyla imal edilen kal\u0131ba enjekte edilir. Kat\u0131la\u015fmadan sonra metal malzeme istenen \u015fekle girer. Daha sonra kal\u0131p k\u0131r\u0131larak \u00fcr\u00fcnler elde edilir.<\/p>\n\n\n\n<p><\/p>\n\n\n\n<p>Al\u00fcminyum kum d\u00f6k\u00fcm metodolojisi \u00e7ok eski bir tekniktir. Ge\u00e7mi\u015fi 2000 y\u0131ldan daha eskiye dayan\u0131r. Karma\u015f\u0131k d\u00f6k\u00fcm ve h\u0131zl\u0131 d\u00f6ng\u00fclerle k\u00fc\u00e7\u00fck, orta veya tek uygulamalar\u0131 etkili bir \u015fekilde \u00fcretir.<\/p>\n\n\n\n<p>Bu prosed\u00fcr ak\u0131\u015f\u0131, d\u00fc\u015f\u00fck g\u00f6zeneklili\u011fe sahip par\u00e7alar\u0131n \u00fcretiminde \u00e7ok i\u015flevli olmas\u0131 nedeniyle say\u0131s\u0131z end\u00fcstride yayg\u0131n olarak kullan\u0131lmaktad\u0131r. Bu end\u00fcstriler \u015funlar\u0131 i\u00e7erir:<\/p>\n\n\n\n<ul class=\"wp-block-list\">\n<li>Otomotiv<\/li>\n\n\n\n<li>Havac\u0131l\u0131k ve Uzay<\/li>\n\n\n\n<li>Madencilik<\/li>\n\n\n\n<li>\u0130n\u015faat<\/li>\n\n\n\n<li>Tar\u0131m<\/li>\n\n\n\n<li>Denizcilik<\/li>\n<\/ul>\n\n\n\n<p><\/p>\n","protected":false},"excerpt":{"rendered":"<p>Hakk\u0131m\u0131zda tasar\u0131mlar\u0131n\u0131za ve Projelerinize hayat veriyoruz 40 Y\u0131l\u0131 a\u015fk\u0131n tecr\u00fcbemizle; yapt\u0131\u011f\u0131m\u0131z kum kal\u0131plar\u0131 800 santigrat derecede eritti\u011fimiz al\u00fcminyum d\u00f6k\u00fcm ile bulu\u015fturarak tasar\u0131mlar\u0131n\u0131za ve projelerinize hayat veriyoruz. \u00dcretimlerimizi Ba\u015fak\u015fehir&#8217;deki Pik D\u00f6k\u00fcmc\u00fcler Sitesinde yani d\u00f6k\u00fcm sekt\u00f6r\u00fcn\u00fcn kalbinde 200 metrekarelik alan kapasitemizde yap\u0131yoruz. 40 Y\u0131l+ TECR\u00dcBE 200+ MEMNUN\u0130YET Kum Kal\u0131plama Nedir? Kum Kal\u0131b\u0131 ile Al\u00fcminyum D\u00f6k\u00fcm, kumun zorunlu [&hellip;]<\/p>\n","protected":false},"author":1,"featured_media":0,"parent":0,"menu_order":0,"comment_status":"closed","ping_status":"closed","template":"","meta":{"footnotes":""},"class_list":["post-11","page","type-page","status-publish","hentry"],"jetpack_sharing_enabled":true,"_links":{"self":[{"href":"http:\/\/aluminyumburak.com.tr\/index.php?rest_route=\/wp\/v2\/pages\/11","targetHints":{"allow":["GET"]}}],"collection":[{"href":"http:\/\/aluminyumburak.com.tr\/index.php?rest_route=\/wp\/v2\/pages"}],"about":[{"href":"http:\/\/aluminyumburak.com.tr\/index.php?rest_route=\/wp\/v2\/types\/page"}],"author":[{"embeddable":true,"href":"http:\/\/aluminyumburak.com.tr\/index.php?rest_route=\/wp\/v2\/users\/1"}],"replies":[{"embeddable":true,"href":"http:\/\/aluminyumburak.com.tr\/index.php?rest_route=%2Fwp%2Fv2%2Fcomments&post=11"}],"version-history":[{"count":5,"href":"http:\/\/aluminyumburak.com.tr\/index.php?rest_route=\/wp\/v2\/pages\/11\/revisions"}],"predecessor-version":[{"id":94,"href":"http:\/\/aluminyumburak.com.tr\/index.php?rest_route=\/wp\/v2\/pages\/11\/revisions\/94"}],"wp:attachment":[{"href":"http:\/\/aluminyumburak.com.tr\/index.php?rest_route=%2Fwp%2Fv2%2Fmedia&parent=11"}],"curies":[{"name":"wp","href":"https:\/\/api.w.org\/{rel}","templated":true}]}}